{"id":433,"date":"2018-03-10T08:57:14","date_gmt":"2018-03-10T07:57:14","guid":{"rendered":"http:\/\/www.nicdarkthemes.com\/themes\/hotel\/wp\/demo\/?page_id=433"},"modified":"2021-08-06T23:40:34","modified_gmt":"2021-08-06T21:40:34","slug":"chi-siamo","status":"publish","type":"page","link":"https:\/\/www.villinonoel.it\/fr\/chi-siamo\/","title":{"rendered":"Qui sommes nous"},"content":{"rendered":"<p>[vc_row full_width=\u00a0\u00bbstretch_row\u00a0\u00bb content_placement=\u00a0\u00bbbottom\u00a0\u00bb parallax=\u00a0\u00bbcontent-moving-fade\u00a0\u00bb parallax_image=\u00a0\u00bb2700&Prime; css=\u00a0\u00bb.vc_custom_1521985722690{padding-top: 100px !important;padding-bottom: 100px !important;}\u00a0\u00bb][vc_column][\/vc_column][\/vc_row][vc_row][vc_column width=\u00a0\u00bb1\/2&Prime; css=\u00a0\u00bb.vc_custom_1467360650255{margin-top: 10px !important;margin-bottom: 10px !important;padding-top: 0px !important;padding-right: 40px !important;}\u00a0\u00bb]<div style=\"background-color:;height: 45px\" class=\"nicdark_section  \"><\/div> <p style=\"color:#1e73be;padding:px;text-align:right;font-size:30px;line-height:45px;letter-spacing: px;font-weight:bold\" class=\"  nd_options_text_align_center_responsive_important nd_options_first_font \">Nous, Oblates de l'Assomption, nous visons d'abord et avant tout \u00e0 travailler, pour l'amour du Christ, \u00e0 l\u2019av\u00e8nement du Royaume de Dieu en nous et autour de nous.<\/p> \n    <div style=\"text-align:right\" class=\"nd_options_section\">\n      <img decoding=\"async\" alt=\"\" style=\"width:60%\" class=\" nd_options_margin_0 nd_options_padding_0 \" src=\"https:\/\/www.villinonoel.it\/wp-content\/uploads\/2018\/03\/Madonnina_del_giardino.jpg\">\n    <\/div>\n   [\/vc_column][vc_column width=\u00a0\u00bb1\/2&Prime; css=\u00a0\u00bb.vc_custom_1467207292391{margin-top: 10px !important;margin-bottom: 10px !important;padding-top: 0px !important;}\u00a0\u00bb]<div style=\"background-color:;height: 10px\" class=\"nicdark_section  \"><\/div> <h1 style=\"color:#1e73be;padding:px;text-align:;font-size:22px;line-height:50px;letter-spacing: px;font-weight:bold\" class=\"   nd_options_first_font \">Oblates de l'Assomption<\/h1> <div style=\"background-color:;height: 10px\" class=\"nicdark_section  \"><\/div> <h2 style=\"color:#1e73be;padding:px;text-align:;font-size:15px;line-height:30px;letter-spacing: px;font-weight:bold\" class=\"   nd_options_first_font \">La Maison de la Procure de la Congr\u00e9gation des \u00ab Oblates de l'Assomption Religieuses Missionnaires \u00bb, est un Institut religieux de droit pontifical.<\/h2> <div style=\"background-color:;height: 10px\" class=\"nicdark_section  \"><\/div>[vc_column_text el_class=\u00a0\u00bbnd_options_text_align_center_responsive\u00a0\u00bb]Il a \u00e9t\u00e9 approuv\u00e9 par le d\u00e9cret de louange de la Sacr\u00e9e Congr\u00e9gation des Ev\u00eaques et R\u00e9guliers le 14 f\u00e9vrier 1893 et reconnu personnalit\u00e9 juridique par l&rsquo;\u00c9tat italien avec D.P.R du 8 mars 1966.<\/p>\n<p>&nbsp;<\/p>\n<p>Notre Institut, en poursuivant ses finalit\u00e9s institutionnelles de religion et de culte, r\u00e9alise sa vocation religieuse en se consacrant au service de l&rsquo;Eglise, pour le bien et le salut du prochain, \u00e0 travers les \u0153uvres d&rsquo;\u00e9vang\u00e9lisation, d\u2019\u00e9ducation, d&rsquo;apostolat et de charit\u00e9 spirituelle et temporelle. Les \u0152uvres correspondent aux exigences et aux besoins des temps et des lieux particuliers o\u00f9 l&rsquo;Institut est, ou pourrait \u00eatre pr\u00e9sent.<\/p>\n<p>\u00c0 cet effet il favorise essentiellement les activit\u00e9s \u00e9ducatives et caritatives, \u00e0 but non lucratif.[\/vc_column_text][\/vc_column][\/vc_row][vc_row css=\u00a0\u00bb.vc_custom_1492510780167{margin-top: 30px !important;}\u00a0\u00bb][vc_column width=\u00a0\u00bb1\/3&Prime;]<div style=\"background-color:;height: 10px\" class=\"nicdark_section  \"><\/div>[vc_single_image image=\u00a0\u00bb3162&Prime; img_size=\u00a0\u00bbfull\u00a0\u00bb][\/vc_column][vc_column width=\u00a0\u00bb1\/3&Prime;]<div style=\"background-color:;height: 10px\" class=\"nicdark_section  \"><\/div>[vc_single_image image=\u00a0\u00bb2792&Prime; img_size=\u00a0\u00bbfull\u00a0\u00bb][\/vc_column][vc_column width=\u00a0\u00bb1\/3&Prime;]<div style=\"background-color:;height: 10px\" class=\"nicdark_section  \"><\/div>[vc_single_image image=\u00a0\u00bb2794&Prime; img_size=\u00a0\u00bbfull\u00a0\u00bb][\/vc_column][\/vc_row][vc_row css=\u00a0\u00bb.vc_custom_1492510780167{margin-top: 30px !important;}\u00a0\u00bb][vc_column width=\u00a0\u00bb1\/3&Prime;]<div style=\"background-color:;height: 70px\" class=\"nicdark_section  \"><\/div>\n\t<div class=\"nd_options_section nd_options_text_align_center\">\n\t<a style=\"border: 2px solid #1e73be;border-radius:px;letter-spacing:px;line-height:px;font-size:px;background-color:#ffffff;padding:8px 12px;margin:5px;color:#1e73be\" rel=\"\" target=\" _blank\" href=\"https:\/\/soeursoblatesassomption.wordpress.com\" class=\"nicdark_display_inline_block  nd_options_font_weight_bold nd_options_second_font  \">Visitez le site de la Congr\u00e9gation<\/a>\n\t<\/div>\n[\/vc_column][vc_column width=\u00a0\u00bb1\/3&Prime;][vc_single_image image=\u00a0\u00bb3164&Prime; img_size=\u00a0\u00bbmedium\u00a0\u00bb alignment=\u00a0\u00bbcenter\u00a0\u00bb]\n\t<div class=\"nd_options_section nd_options_text_align_center\">\n\t<a style=\"border: 2px solid #1e73be;border-radius:px;letter-spacing:px;line-height:px;font-size:px;background-color:#ffffff;padding:8px 12px;margin:5px;color:#1e73be\" rel=\"\" target=\" _blank\" href=\"https:\/\/www.oblate.it\/fr\/\" class=\"nicdark_display_inline_block  nd_options_font_weight_bold nd_options_second_font  \">Visitez le site Web de la Maison de vacances Borgo Pinti \u00e0 Florence<\/a>\n\t<\/div>\n<div style=\"background-color:;height: 10px\" class=\"nicdark_section  \"><\/div>[\/vc_column][vc_column width=\u00a0\u00bb1\/3&Prime;]<div style=\"background-color:;height: 70px\" class=\"nicdark_section  \"><\/div>\n\t<div class=\"nd_options_section nd_options_text_align_center\">\n\t<a style=\"border: 2px solid #1e73be;border-radius:px;letter-spacing:px;line-height:px;font-size:px;background-color:#ffffff;padding:8px 12px;margin:5px;color:#1e73be\" rel=\"\" href=\"https:\/\/www.villinonoel.it\/nuovo_sito\/\" class=\"nicdark_display_inline_block  nd_options_font_weight_bold nd_options_second_font  \">Revenez  \u00e0 Maison d\u2019Accueil <\/a>\n\t<\/div>\n[\/vc_column][\/vc_row]<\/p>\n","protected":false},"excerpt":{"rendered":"<p>[vc_row full_width=\u00a0\u00bbstretch_row\u00a0\u00bb content_placement=\u00a0\u00bbbottom\u00a0\u00bb parallax=\u00a0\u00bbcontent-moving-fade\u00a0\u00bb parallax_image=\u00a0\u00bb2700&Prime; css=\u00a0\u00bb.vc_custom_1521985722690{padding-top: 100px !important;padding-bottom: 100px !important;}\u00a0\u00bb][vc_column][\/vc_column][\/vc_row][vc_row][vc_column width=\u00a0\u00bb1\/2&Prime; css=\u00a0\u00bb.vc_custom_1467360650255{margin-top: 10px !important;margin-bottom: 10px !important;padding-top: 0px !important;padding-right: 40px !important;}\u00a0\u00bb][\/vc_column][vc_column width=\u00a0\u00bb1\/2&Prime; css=\u00a0\u00bb.vc_custom_1467207292391{margin-top: 10px !important;margin-bottom: 10px !important;padding-top: 0px !important;}\u00a0\u00bb][vc_column_text el_class=\u00a0\u00bbnd_options_text_align_center_responsive\u00a0\u00bb]Il a \u00e9t\u00e9 approuv\u00e9 par le d\u00e9cret de louange de la Sacr\u00e9e Congr\u00e9gation des Ev\u00eaques et R\u00e9guliers le 14 f\u00e9vrier 1893 et reconnu personnalit\u00e9 juridique par l&rsquo;\u00c9tat [&hellip;]<\/p>\n","protected":false},"author":1,"featured_media":0,"parent":0,"menu_order":0,"comment_status":"closed","ping_status":"closed","template":"","meta":{"footnotes":""},"class_list":["post-433","page","type-page","status-publish","hentry"],"_links":{"self":[{"href":"https:\/\/www.villinonoel.it\/fr\/wp-json\/wp\/v2\/pages\/433","targetHints":{"allow":["GET"]}}],"collection":[{"href":"https:\/\/www.villinonoel.it\/fr\/wp-json\/wp\/v2\/pages"}],"about":[{"href":"https:\/\/www.villinonoel.it\/fr\/wp-json\/wp\/v2\/types\/page"}],"author":[{"embeddable":true,"href":"https:\/\/www.villinonoel.it\/fr\/wp-json\/wp\/v2\/users\/1"}],"replies":[{"embeddable":true,"href":"https:\/\/www.villinonoel.it\/fr\/wp-json\/wp\/v2\/comments?post=433"}],"version-history":[{"count":128,"href":"https:\/\/www.villinonoel.it\/fr\/wp-json\/wp\/v2\/pages\/433\/revisions"}],"predecessor-version":[{"id":3238,"href":"https:\/\/www.villinonoel.it\/fr\/wp-json\/wp\/v2\/pages\/433\/revisions\/3238"}],"wp:attachment":[{"href":"https:\/\/www.villinonoel.it\/fr\/wp-json\/wp\/v2\/media?parent=433"}],"curies":[{"name":"wp","href":"https:\/\/api.w.org\/{rel}","templated":true}]}}