{"id":460,"date":"2018-03-16T09:28:56","date_gmt":"2018-03-16T08:28:56","guid":{"rendered":"http:\/\/www.nicdarkthemes.com\/themes\/hotel\/wp\/demo\/?page_id=460"},"modified":"2024-11-26T05:06:32","modified_gmt":"2024-11-26T04:06:32","slug":"contatti","status":"publish","type":"page","link":"https:\/\/www.villinonoel.it\/fr\/contatti\/","title":{"rendered":"Contact"},"content":{"rendered":"<p><!--Francese riga 1--><\/p>\n<p>[vc_row full_width=\u00a0\u00bbstretch_row\u00a0\u00bb content_placement=\u00a0\u00bbtop\u00a0\u00bb css=\u00a0\u00bb.vc_custom_1628287215903{padding-top: 225px !important;padding-bottom: 273px !important;background-image: url(https:\/\/www.villinonoel.it\/wp-content\/uploads\/2021\/08\/Giardini-vaticani.jpg?id=3071) !important;background-position: center !important;background-repeat: no-repeat !important;background-size: cover !important;}\u00a0\u00bb][\/vc_row]<\/p>\n<p><!--Francese riga 2--><\/p>\n<p>[vc_row][vc_column width=\u00a0\u00bb1\/2&Prime;]<div style=\"background-color:;height: 10px\" class=\"nicdark_section  \"><\/div> <h1 style=\"color:#1e73be;padding:px;text-align:;font-size:35px;line-height:35px;letter-spacing: px;font-weight:bold\" class=\"   nd_options_first_font \">Contacts<\/h1> <div style=\"background-color:;height: 20px\" class=\"nicdark_section  \"><\/div><div style=\"background-color:;height: 20px\" class=\"nicdark_section  \"><\/div> <h1 style=\"color:#1e73be;padding:px;text-align:;font-size:25px;line-height:25px;letter-spacing: px;font-weight:bold\" class=\"   nd_options_first_font \">O\u00f9 sommes nous<\/h1> [vc_column_text]Le Villino No\u00ebl est le lieu id\u00e9al pour loger \u00e0 Rome.<\/p>\n<p>La maison est situ\u00e9e \u00e0 <span style=\"color: #000000;\"><strong>Via Andrea Doria, 42<\/strong><\/span> dans une position centrale et prestigieuse \u00e0 10 minutes \u00e0 pied de la Basilique Saint-Pierre et des Mus\u00e9es du Vatican\u00a0 et seulement \u00e0 5 minutes du m\u00e9tro Cipro et de l\u2019h\u00f4pital Oftalmico.[\/vc_column_text][vc_row_inner][vc_column_inner width=\u00a0\u00bb1\/2&Prime;][vc_column_text css=\u00a0\u00bb.vc_custom_1599832124337{margin-bottom: 0px !important;}\u00a0\u00bb]<span style=\"color: #1e73be;\"><strong>E-mail:\u00a0<\/strong><\/span><a href=\"mailto:info@villinonoel.it\"><strong>info@villinonoel.it<\/strong><\/a><\/p>\n<p><span style=\"color: #1e73be;\"><strong>E-mail PEC:\u00a0<\/strong><\/span><a href=\"mailto:oblateassunzione@pec.it\"><strong>oblateassunzione@pec.it<\/strong><\/a>[\/vc_column_text][\/vc_column_inner][vc_column_inner width=\u00a0\u00bb1\/2&Prime;][vc_column_text css=\u00a0\u00bb.vc_custom_1598011569520{margin-bottom: 0px !important;}\u00a0\u00bb]<\/p>\n<p style=\"text-align: right;\"><span style=\"color: #1e73be;\"><strong>Tel.: <\/strong>+39 06\/39.72.24.21<\/span><\/p>\n<p>[\/vc_column_text][\/vc_column_inner][\/vc_row_inner][vc_row_inner disable_element=\u00a0\u00bbyes\u00a0\u00bb][vc_column_inner][vc_column_text css=\u00a0\u00bb.vc_custom_1598011347635{margin-bottom: 0px !important;}\u00a0\u00bb]<span style=\"color: #1e73be;\"><strong>E-mail:\u00a0<\/strong><\/span><a href=\"mailto:info@villinonoel.it\"><strong>info@villinonoel.it<\/strong><\/a><\/p>\n<p><span style=\"color: #1e73be;\"><strong>Tel.: <\/strong><\/span>+39 06\/39.72.24.21[\/vc_column_text][\/vc_column_inner][\/vc_row_inner]\n    <div style=\"text-align:center\" class=\"nd_options_section\">\n      <img decoding=\"async\" alt=\"\" style=\"width:100%\" class=\" nd_options_margin_0 nd_options_padding_0 \" src=\"https:\/\/www.villinonoel.it\/wp-content\/uploads\/2018\/03\/roma-sanpietro.jpg\">\n    <\/div>\n   <div style=\"background-color:;height: 30px\" class=\"nicdark_section  \"><\/div>[\/vc_column][vc_column width=\u00a0\u00bb1\/2&Prime;]<div style=\"background-color:;height: 40px\" class=\"nicdark_section  \"><\/div>\n\n    <!--start form-->\n    <div id=\"nd_options_shortcode_cf7_2438\" class=\"nd_options_section \">\n      \n      <div class=\"nd_options_section nd_options_box_sizing_border_box\">\n        \n<div class=\"wpcf7 no-js\" id=\"wpcf7-f2438-o1\" lang=\"en-US\" dir=\"ltr\">\n<div class=\"screen-reader-response\"><p role=\"status\" aria-live=\"polite\" aria-atomic=\"true\"><\/p> <ul><\/ul><\/div>\n<form action=\"\/fr\/wp-json\/wp\/v2\/pages\/460#wpcf7-f2438-o1\" method=\"post\" class=\"wpcf7-form init\" aria-label=\"Contact form\" novalidate=\"novalidate\" data-status=\"init\">\n<div>\n<input type=\"hidden\" name=\"_wpcf7\" value=\"2438\" \/>\n<input type=\"hidden\" name=\"_wpcf7_version\" value=\"6.0\" \/>\n<input type=\"hidden\" name=\"_wpcf7_locale\" value=\"en_US\" \/>\n<input type=\"hidden\" name=\"_wpcf7_unit_tag\" value=\"wpcf7-f2438-o1\" \/>\n<input type=\"hidden\" name=\"_wpcf7_container_post\" value=\"0\" \/>\n<input type=\"hidden\" name=\"_wpcf7_posted_data_hash\" value=\"\" \/>\n<input type=\"hidden\" name=\"_wpcf7_recaptcha_response\" value=\"\" \/>\n<\/div>\n\n\t\n\t\t<p>Pour s\u2019inscrire compl\u00e9ter \n\t\t<\/p>\n\t\n\n<p><label>Nom<br \/>\n<span class=\"wpcf7-form-control-wrap\" data-name=\"Cognome_Cliente\"><input size=\"40\" class=\"wpcf7-form-control wpcf7-text wpcf7-validates-as-required\" id=\"Cognome_Cliente\" aria-required=\"true\" aria-invalid=\"false\" value=\"\" type=\"text\" name=\"Cognome_Cliente\" \/><\/span><br \/>\n<label>Pr\u00e9nom<br \/>\n<span class=\"wpcf7-form-control-wrap\" data-name=\"Nome_Cliente\"><input size=\"40\" class=\"wpcf7-form-control wpcf7-text wpcf7-validates-as-required\" id=\"Nome_Cliente\" aria-required=\"true\" aria-invalid=\"false\" value=\"\" type=\"text\" name=\"Nome_Cliente\" \/><\/span><br \/>\n<label>E-mail<br \/>\n<span class=\"wpcf7-form-control-wrap\" data-name=\"E-mail_Cliente\"><input size=\"40\" class=\"wpcf7-form-control wpcf7-email wpcf7-validates-as-required wpcf7-text wpcf7-validates-as-email\" id=\"E-mail_Cliente\" aria-required=\"true\" aria-invalid=\"false\" value=\"\" type=\"email\" name=\"E-mail_Cliente\" \/><\/span><br \/>\n<label>Portable ou t\u00e9l\u00e9phone<br \/>\n<span class=\"wpcf7-form-control-wrap\" data-name=\"Telefono_Cliente\"><input size=\"40\" class=\"wpcf7-form-control wpcf7-tel wpcf7-validates-as-required wpcf7-text wpcf7-validates-as-tel\" id=\"Telefono_Cliente\" aria-required=\"true\" aria-invalid=\"false\" value=\"\" type=\"tel\" name=\"Telefono_Cliente\" \/><\/span><br \/>\n<label>Message<br \/>\n<span class=\"wpcf7-form-control-wrap\" data-name=\"Messaggio_Cliente\"><textarea cols=\"40\" rows=\"10\" class=\"wpcf7-form-control wpcf7-textarea\" aria-invalid=\"false\" name=\"Messaggio_Cliente\"><\/textarea><\/span><br \/>\n\t\t\t\t\t<br \/>\n&nbsp;<br \/>\n<input class=\"wpcf7-form-control wpcf7-submit has-spinner\" type=\"submit\" value=\"Envoi\" \/><\/label><\/label><\/label><\/label><\/label>\n<\/p><div class=\"wpcf7-response-output\" aria-hidden=\"true\"><\/div>\n<\/form>\n<\/div>\n \n      <\/div>  \n\n    <\/div>\n    <!--end form-->\n\n   <div style=\"background-color:;height: 20px\" class=\"nicdark_section  \"><\/div>[\/vc_column][\/vc_row]<\/p>\n<p><!--Francese riga 3--><\/p>\n<p>[vc_row gap=\u00a0\u00bb35&Prime;][vc_column width=\u00a0\u00bb1\/2&Prime; css=\u00a0\u00bb.vc_custom_1521230001542{margin-top: 0px !important;margin-right: 0px !important;margin-left: 15px !important;border-top-width: 0px !important;border-right-width: 0px !important;border-bottom-width: 0px !important;padding-top: 30px !important;padding-right: 0px !important;background-color: rgba(30,115,190,0.06) !important;*background-color: rgb(30,115,190) !important;border-right-color: #1e73be !important;border-top-color: #1e73be !important;border-bottom-color: #1e73be !important;}\u00a0\u00bb] <h3 style=\"color:#1e73be;padding:px;text-align:;font-size:30px;line-height:25px;letter-spacing: px;font-weight:bold\" class=\"   nd_options_first_font \">Pour nous rejoindre<\/h3> <div style=\"background-color:;height: 15px\" class=\"nicdark_section  \"><\/div>[vc_column_text css=\u00a0\u00bb.vc_custom_1523484184462{padding-left: 30px !important;}\u00a0\u00bb]<strong><em>De l\u2019AutoRoute\u00a0:<\/em><\/strong><\/p>\n<ul style=\"text-align: left;\">\n<li>Prendre la sortie Roma Est,<br \/>\nparcourir le p\u00e9riph\u00e9rique Est dans la direction<br \/>\nRoma Centro \u2013 Foro Italico,<br \/>\nContinuer sur Viale dello Stadio Olimpico.<br \/>\nPrendre Circonvallazione Clodia et Via della Giuliana<br \/>\nDans la direction de Via Andrea Doria.<\/li>\n<\/ul>\n<p><strong><em>De la Gare Termini:\u00a0\u00a0<\/em>\u00a0 <\/strong><\/p>\n<ul style=\"text-align: left;\">\n<li>Prendre le m\u00e9tro A, direction BATTISTINI<br \/>\net descendre \u00e0 CIPRO, sortir \u00e0 droite, direction<br \/>\nPiazzale degli Eroi et prendre Via Andrea Doria.<\/li>\n<\/ul>\n<p><em><strong>De la Gare Tiburtina:<\/strong><\/em><\/p>\n<ul>\n<li style=\"text-align: left;\">Prendre le bus n\u00b0 490 et descendre<br \/>\n\u00c0 l\u2019arret de via A. Doria-Largo Trionfale.<br \/>\nNous sommes \u00e0 quelques pas de l\u00e0.<\/li>\n<\/ul>\n<p>[\/vc_column_text][\/vc_column][vc_column width=\u00a0\u00bb1\/2&Prime;][vc_column_text css=\u00a0\u00bb.vc_custom_1523484493478{margin-bottom: 10px !important;padding-bottom: 0px !important;}\u00a0\u00bb]<em><strong>De l\u2019A\u00e9roport de Fiumicino<\/strong>:<\/em><\/p>\n<ul>\n<li>Prendre un taxi ou si vous nous le dites, nous<br \/>\npouvons vous envoyer un taxi qui viendra vous chercher<br \/>\nen ayant votre nom.<\/li>\n<\/ul>\n<ul>\n<li>Prendre le train direction Stazione Termini et poursuivre selon les<br \/>\nIndications d\u00e9j\u00e0 donn\u00e9es.<\/li>\n<\/ul>\n<ul>\n<li>Bus Shuttle direction Termini (Via Marsala) et poursuivre selon les<br \/>\nIndications d\u00e9j\u00e0 donn\u00e9es.<\/li>\n<\/ul>\n<p><em><strong>De l\u2019A\u00e9roport de Ciampino:<\/strong><\/em><\/p>\n<ul>\n<li>Bus Shuttle direction Termini (Via Marsala) et poursuivre selon les<br \/>\nIndications d\u00e9j\u00e0 donn\u00e9es.<\/li>\n<\/ul>\n<p>[\/vc_column_text]\n    <div style=\"text-align:center\" class=\"nd_options_section\">\n      <img decoding=\"async\" alt=\"\" style=\"width:100%\" class=\" nd_options_margin_0 nd_options_padding_0 \" src=\"https:\/\/www.villinonoel.it\/wp-content\/uploads\/2018\/03\/Rome_panorama.jpg\">\n    <\/div>\n   [vc_row_inner][vc_column_inner width=\u00a0\u00bb1\/3&Prime;]\n\t<div class=\"nd_options_section nd_options_text_align_center\">\n\t<a style=\"border: 2px solid #1e73be;border-radius:px;letter-spacing:px;line-height:px;font-size:px;background-color:#ffffff;padding:10px 20px;margin:;color:#1e73be\" rel=\"\" href=\"https:\/\/www.villinonoel.it\/nuovo_sito\/prenotazioni\/\" class=\"nicdark_display_inline_block  nd_options_font_weight_bold nd_options_second_font  \">Demander la disponibilit\u00e9<\/a>\n\t<\/div>\n[\/vc_column_inner][vc_column_inner width=\u00a0\u00bb1\/3&Prime;]\n\t<div class=\"nd_options_section nd_options_text_align_center\">\n\t<a style=\"border: 2px solid #1e73be;border-radius:px;letter-spacing:px;line-height:px;font-size:px;background-color:#ffffff;padding:10px 20px;margin:;color:#1e73be\" rel=\"\" target=\" _blank\" href=\"https:\/\/www.turismoroma.it\/fr\" class=\"nicdark_display_inline_block  nd_options_font_weight_bold nd_options_second_font  \">Itin\u00e9raires \u00e0 conserver <\/a>\n\t<\/div>\n[\/vc_column_inner][vc_column_inner width=\u00a0\u00bb1\/3&Prime;]\n\t<div class=\"nd_options_section nd_options_text_align_center\">\n\t<a style=\"border: 2px solid #1e73be;border-radius:px;letter-spacing:px;line-height:px;font-size:px;background-color:#ffffff;padding:10px 20px;margin:;color:#1e73be\" rel=\"\" target=\" _blank\" href=\"https:\/\/muoversiaroma.it\/\" class=\"nicdark_display_inline_block  nd_options_font_weight_bold nd_options_second_font  \">Comment se d\u00e9placer \u00e0 Rome<\/a>\n\t<\/div>\n[\/vc_column_inner][\/vc_row_inner][\/vc_column][\/vc_row]<\/p>\n<p><!--Francese riga 4--><\/p>\n<p><gmp-map\n      center=\"41.91010, 12.45138\"\n      zoom=\"13\"\n      map-id=\"Casa per ferie Villino Noel\"\n      style=\"height: 400px\"\n    ><\/gmp-map><\/p>\n<p>    <!-- \n      The `defer` attribute causes the script to execute after the full HTML\n      document has been parsed. For non-blocking uses, avoiding race conditions,\n      and consistent behavior across browsers, consider loading using Promises. See\n      https:\/\/developers.google.com\/maps\/documentation\/javascript\/load-maps-js-api\n      for more information.\n      --><br \/>\n    <script\n      src=\"https:\/\/maps.googleapis.com\/maps\/api\/js?key=AIzaSyCF8B7ePPl-JoRmsfJ13oIlXh5-IqF5Khg&#038;libraries=maps&#038;v=beta\"\n      defer\n    ><\/script><\/p>\n","protected":false},"excerpt":{"rendered":"<p>[vc_row full_width=\u00a0\u00bbstretch_row\u00a0\u00bb content_placement=\u00a0\u00bbtop\u00a0\u00bb css=\u00a0\u00bb.vc_custom_1628287215903{padding-top: 225px !important;padding-bottom: 273px !important;background-image: url(https:\/\/www.villinonoel.it\/wp-content\/uploads\/2021\/08\/Giardini-vaticani.jpg?id=3071) !important;background-position: center !important;background-repeat: no-repeat !important;background-size: cover !important;}\u00a0\u00bb][\/vc_row] [vc_row][vc_column width=\u00a0\u00bb1\/2&Prime;][vc_column_text]Le Villino No\u00ebl est le lieu id\u00e9al pour loger \u00e0 Rome. La maison est situ\u00e9e \u00e0 Via Andrea Doria, 42 dans une position centrale et prestigieuse \u00e0 10 minutes \u00e0 pied de la Basilique Saint-Pierre et des Mus\u00e9es [&hellip;]<\/p>\n","protected":false},"author":1,"featured_media":0,"parent":0,"menu_order":0,"comment_status":"closed","ping_status":"closed","template":"","meta":{"footnotes":""},"class_list":["post-460","page","type-page","status-publish","hentry"],"_links":{"self":[{"href":"https:\/\/www.villinonoel.it\/fr\/wp-json\/wp\/v2\/pages\/460","targetHints":{"allow":["GET"]}}],"collection":[{"href":"https:\/\/www.villinonoel.it\/fr\/wp-json\/wp\/v2\/pages"}],"about":[{"href":"https:\/\/www.villinonoel.it\/fr\/wp-json\/wp\/v2\/types\/page"}],"author":[{"embeddable":true,"href":"https:\/\/www.villinonoel.it\/fr\/wp-json\/wp\/v2\/users\/1"}],"replies":[{"embeddable":true,"href":"https:\/\/www.villinonoel.it\/fr\/wp-json\/wp\/v2\/comments?post=460"}],"version-history":[{"count":289,"href":"https:\/\/www.villinonoel.it\/fr\/wp-json\/wp\/v2\/pages\/460\/revisions"}],"predecessor-version":[{"id":3400,"href":"https:\/\/www.villinonoel.it\/fr\/wp-json\/wp\/v2\/pages\/460\/revisions\/3400"}],"wp:attachment":[{"href":"https:\/\/www.villinonoel.it\/fr\/wp-json\/wp\/v2\/media?parent=460"}],"curies":[{"name":"wp","href":"https:\/\/api.w.org\/{rel}","templated":true}]}}